{"id":352,"date":"2022-04-21T08:25:16","date_gmt":"2022-04-21T08:25:16","guid":{"rendered":"https:\/\/sive.create.aau.dk\/?page_id=352"},"modified":"2022-04-21T10:51:29","modified_gmt":"2022-04-21T10:51:29","slug":"contributors-the-sive-book","status":"publish","type":"page","link":"https:\/\/sive.create.aau.dk\/index.php\/contributors-the-sive-book\/","title":{"rendered":"Contributors &#8211; The SIVE Book"},"content":{"rendered":"\n<p style=\"text-align:right\"><em>(in alphabetical order<\/em>)<\/p>\n\n\n\n<p><strong>Sarvesh R. Agrawal<\/strong><br>Bang &amp; Olufsen, Struer, Denmark<br>Technical University of Denmark. Lyngby, Denmark<\/p>\n\n\n\n<p><strong>Federico Avanzini<\/strong><br>University of Milano, Milano, Italy<br><\/p>\n\n\n\n<p><strong>Mathieu Barthet<\/strong><br>Queen Mary University of London, London, United Kingdom<br><\/p>\n\n\n\n<p><strong>S\u00f8ren Bech<\/strong><br>Bang &amp; Olufsen, Struer, Denmark<br>Aalborg University, Aalborg, Denmark<br><\/p>\n\n\n\n<p><strong>Sophus B\u00e9ne\u00e9 Olsen<\/strong><br>Aalborg University, Copenhagen, Denmark<br><\/p>\n\n\n\n<p><strong>Florent Berthaut<\/strong><br>University of Lille, Lille, France<br><\/p>\n\n\n\n<p><strong>Fabian Brinkmann<\/strong><br>Technical University of Berlin, Berlin, Germany<br><\/p>\n\n\n\n<p><strong>Nick Bryan-Kinns<\/strong><br>Queen Mary University of London, London, United Kingdom<br><\/p>\n\n\n\n<p><strong>Thomas Deacon<\/strong><br>Queen Mary University of London, London, United Kingdom<br><\/p>\n\n\n\n<p><strong>Cumhur Erkut<\/strong><br>Aalborg University, Copenhagen, Denmark<br><\/p>\n\n\n\n<p><strong>Federico Fontana<\/strong><br>University of Udine, Udine, Italy<\/p>\n\n\n\n<p><strong>Hannes Gamper<\/strong><br>Microsoft Research, Redmond, WA, United States<\/p>\n\n\n\n<p><strong>Oddur Ingi Kristj\u00e1nsson<\/strong><br>Aalborg University, Copenhagen, Denmark<br><\/p>\n\n\n\n<p><strong>Hanna J\u00e4rvel\u00e4inen<\/strong><br>Zurich University of the Arts, Z\u00fcrich, Switzerland<br><\/p>\n\n\n\n<p><strong>Brian F.G. Katz<\/strong><br>Sorbonne Universit\u00e9, CNRS, Paris, France<br><\/p>\n\n\n\n<p><strong>Dario Mazzanti<\/strong><br>Italian Institute of Technology, Genoa, Italy<br><\/p>\n\n\n\n<p><strong>Liang Men<\/strong><br>Liverpool John Moores University, Liverpool, United Kingdom<br><\/p>\n\n\n\n<p><strong>Stefano Papetti<\/strong><br>Zurich University of the Arts, Z\u00fcrich, Switzerland<br><\/p>\n\n\n\n<p><strong>Lorenzo Picinali<\/strong><br>Imperial College London, London, United Kingdom<br><\/p>\n\n\n\n<p><strong>Nikunj Raghuvanshi<\/strong><br>Microsoft Research, Redmond, United States<br><\/p>\n\n\n\n<p><strong>Anders Riddershom Bargum<\/strong><br>Aalborg University, Copenhagen, Denmark<br><\/p>\n\n\n\n<p><strong>Emil Rosenlund H\u016feg<\/strong><br>Aalborg University, Copenhagen, Denmark<br><\/p>\n\n\n\n<p><strong>Simon Rostami Mosen<\/strong><br>Aalborg University, Copenhagen, Denmark<br><\/p>\n\n\n\n<p><strong>Victor Zappi<\/strong><br>Northeastern University, Boston, MA, United States<br><\/p>\n\n\n\n<p><strong>Stefan Weinzierl<\/strong><br>Technical University of Berlin, Berlin, Germany<\/p>\n\n\n\n<p><\/p>\n","protected":false},"excerpt":{"rendered":"<p>(in alphabetical order) Sarvesh R. AgrawalBang &amp; Olufsen, Struer, DenmarkTechnical University of Denmark. Lyngby, Denmark Federico AvanziniUniversity of Milano, Milano, Italy Mathieu BarthetQueen Mary University of London, London, United Kingdom S\u00f8ren BechBang &amp; Olufsen, Struer, DenmarkAalborg University, Aalborg, Denmark Sophus B\u00e9ne\u00e9 OlsenAalborg University, Copenhagen, Denmark Florent BerthautUniversity of Lille, Lille, France Fabian BrinkmannTechnical University of &hellip; <\/p>\n<p class=\"link-more\"><a href=\"https:\/\/sive.create.aau.dk\/index.php\/contributors-the-sive-book\/\" class=\"more-link\">Continue reading<span class=\"screen-reader-text\"> &#8220;Contributors &#8211; The SIVE Book&#8221;<\/span><\/a><\/p>\n","protected":false},"author":3,"featured_media":0,"parent":0,"menu_order":0,"comment_status":"closed","ping_status":"closed","template":"","meta":{"footnotes":""},"class_list":["post-352","page","type-page","status-publish","hentry"],"_links":{"self":[{"href":"https:\/\/sive.create.aau.dk\/index.php\/wp-json\/wp\/v2\/pages\/352","targetHints":{"allow":["GET"]}}],"collection":[{"href":"https:\/\/sive.create.aau.dk\/index.php\/wp-json\/wp\/v2\/pages"}],"about":[{"href":"https:\/\/sive.create.aau.dk\/index.php\/wp-json\/wp\/v2\/types\/page"}],"author":[{"embeddable":true,"href":"https:\/\/sive.create.aau.dk\/index.php\/wp-json\/wp\/v2\/users\/3"}],"replies":[{"embeddable":true,"href":"https:\/\/sive.create.aau.dk\/index.php\/wp-json\/wp\/v2\/comments?post=352"}],"version-history":[{"count":5,"href":"https:\/\/sive.create.aau.dk\/index.php\/wp-json\/wp\/v2\/pages\/352\/revisions"}],"predecessor-version":[{"id":360,"href":"https:\/\/sive.create.aau.dk\/index.php\/wp-json\/wp\/v2\/pages\/352\/revisions\/360"}],"wp:attachment":[{"href":"https:\/\/sive.create.aau.dk\/index.php\/wp-json\/wp\/v2\/media?parent=352"}],"curies":[{"name":"wp","href":"https:\/\/api.w.org\/{rel}","templated":true}]}}